{"id":2205,"date":"2022-10-21T21:15:14","date_gmt":"2022-10-21T21:15:14","guid":{"rendered":"https:\/\/www.diparco.com\/apple\/?page_id=2205"},"modified":"2022-10-26T18:43:15","modified_gmt":"2022-10-26T18:43:15","slug":"blog","status":"publish","type":"page","link":"https:\/\/www.diparco.com\/apple\/blog\/","title":{"rendered":"Blog"},"content":{"rendered":"\t\t<div data-elementor-type=\"wp-page\" data-elementor-id=\"2205\" class=\"elementor elementor-2205\">\n\t\t\t\t\t\t\t\t\t<section class=\"elementor-section elementor-top-section elementor-element elementor-element-21aa915d elementor-section-boxed elementor-section-height-default elementor-section-height-default\" data-id=\"21aa915d\" data-element_type=\"section\" data-settings=\"{&quot;background_background&quot;:&quot;classic&quot;}\">\n\t\t\t\t\t\t<div class=\"elementor-container elementor-column-gap-default\">\n\t\t\t\t\t<div class=\"elementor-column elementor-col-100 elementor-top-column elementor-element elementor-element-63f30f04\" data-id=\"63f30f04\" data-element_type=\"column\">\n\t\t\t<div class=\"elementor-widget-wrap elementor-element-populated\">\n\t\t\t\t\t\t\t\t<div class=\"elementor-element elementor-element-7e8a3950 elementor-widget elementor-widget-spacer\" data-id=\"7e8a3950\" data-element_type=\"widget\" data-widget_type=\"spacer.default\">\n\t\t\t\t<div class=\"elementor-widget-container\">\n\t\t\t\t\t<div class=\"elementor-spacer\">\n\t\t\t<div class=\"elementor-spacer-inner\"><\/div>\n\t\t<\/div>\n\t\t\t\t<\/div>\n\t\t\t\t<\/div>\n\t\t\t\t<div class=\"elementor-element elementor-element-12eadc7 elementor-widget elementor-widget-heading\" data-id=\"12eadc7\" data-element_type=\"widget\" data-widget_type=\"heading.default\">\n\t\t\t\t<div class=\"elementor-widget-container\">\n\t\t\t<h1 class=\"elementor-heading-title elementor-size-default\">Blog<\/h1>\t\t<\/div>\n\t\t\t\t<\/div>\n\t\t\t\t<div class=\"elementor-element elementor-element-4d428c3b elementor-widget-divider--view-line elementor-widget elementor-widget-divider\" data-id=\"4d428c3b\" data-element_type=\"widget\" data-widget_type=\"divider.default\">\n\t\t\t\t<div class=\"elementor-widget-container\">\n\t\t\t\t\t<div class=\"elementor-divider\">\n\t\t\t<span class=\"elementor-divider-separator\">\n\t\t\t\t\t\t<\/span>\n\t\t<\/div>\n\t\t\t\t<\/div>\n\t\t\t\t<\/div>\n\t\t\t\t<div class=\"elementor-element elementor-element-282cdd73 elementor-widget elementor-widget-spacer\" data-id=\"282cdd73\" data-element_type=\"widget\" data-widget_type=\"spacer.default\">\n\t\t\t\t<div class=\"elementor-widget-container\">\n\t\t\t\t\t<div class=\"elementor-spacer\">\n\t\t\t<div class=\"elementor-spacer-inner\"><\/div>\n\t\t<\/div>\n\t\t\t\t<\/div>\n\t\t\t\t<\/div>\n\t\t\t\t\t<\/div>\n\t\t<\/div>\n\t\t\t\t\t\t\t<\/div>\n\t\t<\/section>\n\t\t\t\t<section class=\"elementor-section elementor-top-section elementor-element elementor-element-13d1172a elementor-section-boxed elementor-section-height-default elementor-section-height-default\" data-id=\"13d1172a\" data-element_type=\"section\">\n\t\t\t\t\t\t<div class=\"elementor-container elementor-column-gap-default\">\n\t\t\t\t\t<div class=\"elementor-column elementor-col-100 elementor-top-column elementor-element elementor-element-6cf73bf4\" data-id=\"6cf73bf4\" data-element_type=\"column\">\n\t\t\t<div class=\"elementor-widget-wrap elementor-element-populated\">\n\t\t\t\t\t\t\t\t<div class=\"elementor-element elementor-element-77f7d174 elementor-grid-3 elementor-grid-tablet-2 elementor-grid-mobile-1 elementor-posts--thumbnail-top elementor-card-shadow-yes elementor-posts__hover-gradient load-more-align-center elementor-widget elementor-widget-posts\" data-id=\"77f7d174\" data-element_type=\"widget\" data-settings=\"{&quot;pagination_type&quot;:&quot;load_more_on_click&quot;,&quot;cards_columns&quot;:&quot;3&quot;,&quot;cards_columns_tablet&quot;:&quot;2&quot;,&quot;cards_columns_mobile&quot;:&quot;1&quot;,&quot;cards_row_gap&quot;:{&quot;unit&quot;:&quot;px&quot;,&quot;size&quot;:35,&quot;sizes&quot;:[]},&quot;cards_row_gap_tablet&quot;:{&quot;unit&quot;:&quot;px&quot;,&quot;size&quot;:&quot;&quot;,&quot;sizes&quot;:[]},&quot;cards_row_gap_mobile&quot;:{&quot;unit&quot;:&quot;px&quot;,&quot;size&quot;:&quot;&quot;,&quot;sizes&quot;:[]},&quot;load_more_spinner&quot;:{&quot;value&quot;:&quot;fas fa-spinner&quot;,&quot;library&quot;:&quot;fa-solid&quot;}}\" data-widget_type=\"posts.cards\">\n\t\t\t\t<div class=\"elementor-widget-container\">\n\t\t\t\t\t<div class=\"elementor-posts-container elementor-posts elementor-posts--skin-cards elementor-grid\">\n\t\t\t\t<article class=\"elementor-post elementor-grid-item post-2810 post type-post status-publish format-standard has-post-thumbnail hentry\">\n\t\t\t<div class=\"elementor-post__card\">\n\t\t\t\t<a class=\"elementor-post__thumbnail__link\" href=\"https:\/\/www.diparco.com\/apple\/es-el-momento-de-estrenar-tu-iphone-14\/\" target=\"_blank\"><div class=\"elementor-post__thumbnail\"><img width=\"300\" height=\"125\" src=\"https:\/\/www.diparco.com\/apple\/wp-content\/uploads\/2021\/08\/download-300x125.jpg\" class=\"attachment-medium size-medium wp-image-507\" alt=\"\" decoding=\"async\" loading=\"lazy\" srcset=\"https:\/\/www.diparco.com\/apple\/wp-content\/uploads\/2021\/08\/download-300x125.jpg 300w, https:\/\/www.diparco.com\/apple\/wp-content\/uploads\/2021\/08\/download-1024x425.jpg 1024w, https:\/\/www.diparco.com\/apple\/wp-content\/uploads\/2021\/08\/download-768x319.jpg 768w, https:\/\/www.diparco.com\/apple\/wp-content\/uploads\/2021\/08\/download-1536x638.jpg 1536w, https:\/\/www.diparco.com\/apple\/wp-content\/uploads\/2021\/08\/download-2048x850.jpg 2048w\" sizes=\"(max-width: 300px) 100vw, 300px\" \/><\/div><\/a>\n\t\t\t\t<div class=\"elementor-post__text\">\n\t\t\t\t<h3 class=\"elementor-post__title\">\n\t\t\t<a href=\"https:\/\/www.diparco.com\/apple\/es-el-momento-de-estrenar-tu-iphone-14\/\" target=&quot;_blank&quot;>\n\t\t\t\tEs el momento de estrenar tu iPhone 14\t\t\t<\/a>\n\t\t<\/h3>\n\t\t\t\t<div class=\"elementor-post__excerpt\">\n\t\t\t<p>Es el momento de comprar tu iPhone 14 El tribunal colombiano ha fallado\u00a0a favor de Apple y se levant\u00f3\u00a0la restricci\u00f3n para la venta de\u00a0 Producto<\/p>\n\t\t<\/div>\n\t\t\n\t\t<a class=\"elementor-post__read-more\" href=\"https:\/\/www.diparco.com\/apple\/es-el-momento-de-estrenar-tu-iphone-14\/\" target=\"_blank\">\n\t\t\tLeer m\u00e1s \u00bb\t\t<\/a>\n\n\t\t\t\t<\/div>\n\t\t\t\t\t<\/div>\n\t\t<\/article>\n\t\t\t\t<article class=\"elementor-post elementor-grid-item post-2777 post type-post status-publish format-standard has-post-thumbnail hentry\">\n\t\t\t<div class=\"elementor-post__card\">\n\t\t\t\t<a class=\"elementor-post__thumbnail__link\" href=\"https:\/\/www.diparco.com\/apple\/ios-16-a-llegado\/\" target=\"_blank\"><div class=\"elementor-post__thumbnail\"><img width=\"300\" height=\"190\" src=\"https:\/\/www.diparco.com\/apple\/wp-content\/uploads\/2022\/11\/ios-16-1-scaled-1-300x190.webp\" class=\"attachment-medium size-medium wp-image-2783\" alt=\"\" decoding=\"async\" loading=\"lazy\" srcset=\"https:\/\/www.diparco.com\/apple\/wp-content\/uploads\/2022\/11\/ios-16-1-scaled-1-300x190.webp 300w, https:\/\/www.diparco.com\/apple\/wp-content\/uploads\/2022\/11\/ios-16-1-scaled-1-1024x649.webp 1024w, https:\/\/www.diparco.com\/apple\/wp-content\/uploads\/2022\/11\/ios-16-1-scaled-1-768x486.webp 768w, https:\/\/www.diparco.com\/apple\/wp-content\/uploads\/2022\/11\/ios-16-1-scaled-1.webp 1200w\" sizes=\"(max-width: 300px) 100vw, 300px\" \/><\/div><\/a>\n\t\t\t\t<div class=\"elementor-post__text\">\n\t\t\t\t<h3 class=\"elementor-post__title\">\n\t\t\t<a href=\"https:\/\/www.diparco.com\/apple\/ios-16-a-llegado\/\" target=&quot;_blank&quot;>\n\t\t\t\tiOS 16 ha llegado\t\t\t<\/a>\n\t\t<\/h3>\n\t\t\t\t<div class=\"elementor-post__excerpt\">\n\t\t\t<p>iOS 16 a llegado y con \u00e9l muchas novedades y funcionalidades Apple cada a\u00f1o en el mes de junio realiza un evento para desarrolladores llamado<\/p>\n\t\t<\/div>\n\t\t\n\t\t<a class=\"elementor-post__read-more\" href=\"https:\/\/www.diparco.com\/apple\/ios-16-a-llegado\/\" target=\"_blank\">\n\t\t\tLeer m\u00e1s \u00bb\t\t<\/a>\n\n\t\t\t\t<\/div>\n\t\t\t\t\t<\/div>\n\t\t<\/article>\n\t\t\t\t<article class=\"elementor-post elementor-grid-item post-2659 post type-post status-publish format-standard has-post-thumbnail hentry\">\n\t\t\t<div class=\"elementor-post__card\">\n\t\t\t\t<a class=\"elementor-post__thumbnail__link\" href=\"https:\/\/www.diparco.com\/apple\/extension-de-garantia-de-fabrica\/\" target=\"_blank\"><div class=\"elementor-post__thumbnail\"><img width=\"259\" height=\"194\" src=\"https:\/\/www.diparco.com\/apple\/wp-content\/uploads\/2021\/08\/images-1-1.png\" class=\"attachment-medium size-medium wp-image-765\" alt=\"\" decoding=\"async\" loading=\"lazy\" \/><\/div><\/a>\n\t\t\t\t<div class=\"elementor-post__text\">\n\t\t\t\t<h3 class=\"elementor-post__title\">\n\t\t\t<a href=\"https:\/\/www.diparco.com\/apple\/extension-de-garantia-de-fabrica\/\" target=&quot;_blank&quot;>\n\t\t\t\tExtensi\u00f3n de garant\u00eda de f\u00e1brica\t\t\t<\/a>\n\t\t<\/h3>\n\t\t\t\t<div class=\"elementor-post__excerpt\">\n\t\t\t<p>Conserve su equipo protegido de fallos y da\u00f1os accidentales con la extensi\u00f3n de garant\u00eda de f\u00e1brica Los productos Apple se entregan con la garant\u00eda de<\/p>\n\t\t<\/div>\n\t\t\n\t\t<a class=\"elementor-post__read-more\" href=\"https:\/\/www.diparco.com\/apple\/extension-de-garantia-de-fabrica\/\" target=\"_blank\">\n\t\t\tLeer m\u00e1s \u00bb\t\t<\/a>\n\n\t\t\t\t<\/div>\n\t\t\t\t\t<\/div>\n\t\t<\/article>\n\t\t\t\t<article class=\"elementor-post elementor-grid-item post-2176 post type-post status-publish format-standard has-post-thumbnail hentry category-apple\">\n\t\t\t<div class=\"elementor-post__card\">\n\t\t\t\t<a class=\"elementor-post__thumbnail__link\" href=\"https:\/\/www.diparco.com\/apple\/apple-chip-m2\/\" target=\"_blank\"><div class=\"elementor-post__thumbnail\"><img width=\"300\" height=\"236\" src=\"https:\/\/www.diparco.com\/apple\/wp-content\/uploads\/2022\/10\/Chip-M2-1-300x236.png\" class=\"attachment-medium size-medium wp-image-2185\" alt=\"\" decoding=\"async\" loading=\"lazy\" srcset=\"https:\/\/www.diparco.com\/apple\/wp-content\/uploads\/2022\/10\/Chip-M2-1-300x236.png 300w, https:\/\/www.diparco.com\/apple\/wp-content\/uploads\/2022\/10\/Chip-M2-1.png 600w\" sizes=\"(max-width: 300px) 100vw, 300px\" \/><\/div><\/a>\n\t\t\t\t<div class=\"elementor-post__text\">\n\t\t\t\t<h3 class=\"elementor-post__title\">\n\t\t\t<a href=\"https:\/\/www.diparco.com\/apple\/apple-chip-m2\/\" target=&quot;_blank&quot;>\n\t\t\t\tEntendamos los nuevos procesadores de Apple &#8211; Chip M2\t\t\t<\/a>\n\t\t<\/h3>\n\t\t\t\t<div class=\"elementor-post__excerpt\">\n\t\t\t<p>Entendamos los nuevos procesadores de Apple &#8211; Chip M2 A lo largo de los a\u00f1os las Keynote de Apple se han convertido en uno de<\/p>\n\t\t<\/div>\n\t\t\n\t\t<a class=\"elementor-post__read-more\" href=\"https:\/\/www.diparco.com\/apple\/apple-chip-m2\/\" target=\"_blank\">\n\t\t\tLeer m\u00e1s \u00bb\t\t<\/a>\n\n\t\t\t\t<\/div>\n\t\t\t\t\t<\/div>\n\t\t<\/article>\n\t\t\t\t<article class=\"elementor-post elementor-grid-item post-2191 post type-post status-publish format-standard has-post-thumbnail hentry\">\n\t\t\t<div class=\"elementor-post__card\">\n\t\t\t\t<a class=\"elementor-post__thumbnail__link\" href=\"https:\/\/www.diparco.com\/apple\/ipad-10-generacion\/\" target=\"_blank\"><div class=\"elementor-post__thumbnail\"><img width=\"300\" height=\"236\" src=\"https:\/\/www.diparco.com\/apple\/wp-content\/uploads\/2022\/10\/iPad-10-generacion-300x236.png\" class=\"attachment-medium size-medium wp-image-2193\" alt=\"\" decoding=\"async\" loading=\"lazy\" srcset=\"https:\/\/www.diparco.com\/apple\/wp-content\/uploads\/2022\/10\/iPad-10-generacion-300x236.png 300w, https:\/\/www.diparco.com\/apple\/wp-content\/uploads\/2022\/10\/iPad-10-generacion.png 600w\" sizes=\"(max-width: 300px) 100vw, 300px\" \/><\/div><\/a>\n\t\t\t\t<div class=\"elementor-post__text\">\n\t\t\t\t<h3 class=\"elementor-post__title\">\n\t\t\t<a href=\"https:\/\/www.diparco.com\/apple\/ipad-10-generacion\/\" target=&quot;_blank&quot;>\n\t\t\t\tiPad 10 generaci\u00f3n\t\t\t<\/a>\n\t\t<\/h3>\n\t\t\t\t<div class=\"elementor-post__excerpt\">\n\t\t\t<p>Apple lanza nueva versi\u00f3n de Ipad. El pasado 19 de octubre Apple realiz\u00f3 el lanzamiento de los nuevos modelos de iPad, que, aunque no se<\/p>\n\t\t<\/div>\n\t\t\n\t\t<a class=\"elementor-post__read-more\" href=\"https:\/\/www.diparco.com\/apple\/ipad-10-generacion\/\" target=\"_blank\">\n\t\t\tLeer m\u00e1s \u00bb\t\t<\/a>\n\n\t\t\t\t<\/div>\n\t\t\t\t\t<\/div>\n\t\t<\/article>\n\t\t\t\t<article class=\"elementor-post elementor-grid-item post-2609 post type-post status-publish format-standard has-post-thumbnail hentry\">\n\t\t\t<div class=\"elementor-post__card\">\n\t\t\t\t<a class=\"elementor-post__thumbnail__link\" href=\"https:\/\/www.diparco.com\/apple\/recordemos-a-quien-nos-enseno-a-pensar-diferente\/\" target=\"_blank\"><div class=\"elementor-post__thumbnail\"><img width=\"300\" height=\"187\" src=\"https:\/\/www.diparco.com\/apple\/wp-content\/uploads\/2022\/10\/steve-300x187.jpg\" class=\"attachment-medium size-medium wp-image-2610\" alt=\"\" decoding=\"async\" loading=\"lazy\" srcset=\"https:\/\/www.diparco.com\/apple\/wp-content\/uploads\/2022\/10\/steve-300x187.jpg 300w, https:\/\/www.diparco.com\/apple\/wp-content\/uploads\/2022\/10\/steve.jpg 460w\" sizes=\"(max-width: 300px) 100vw, 300px\" \/><\/div><\/a>\n\t\t\t\t<div class=\"elementor-post__text\">\n\t\t\t\t<h3 class=\"elementor-post__title\">\n\t\t\t<a href=\"https:\/\/www.diparco.com\/apple\/recordemos-a-quien-nos-enseno-a-pensar-diferente\/\" target=&quot;_blank&quot;>\n\t\t\t\tRecordemos a quien nos ense\u00f1o a pensar diferente\t\t\t<\/a>\n\t\t<\/h3>\n\t\t\t\t<div class=\"elementor-post__excerpt\">\n\t\t\t<p>Recordemos a quien nos ense\u00f1\u00f3 que pensar diferente es el primer paso para cambiar el mundo. Hace 11 a\u00f1os el mundo perdi\u00f3 uno de los<\/p>\n\t\t<\/div>\n\t\t\n\t\t<a class=\"elementor-post__read-more\" href=\"https:\/\/www.diparco.com\/apple\/recordemos-a-quien-nos-enseno-a-pensar-diferente\/\" target=\"_blank\">\n\t\t\tLeer m\u00e1s \u00bb\t\t<\/a>\n\n\t\t\t\t<\/div>\n\t\t\t\t\t<\/div>\n\t\t<\/article>\n\t\t\t\t<\/div>\n\n\n\t\t\t\t\t<span class=\"e-load-more-spinner\">\n\t\t\t\t<i aria-hidden=\"true\" class=\"fas fa-spinner\"><\/i>\t\t\t<\/span>\n\t\t\n\t\t\t\t<\/div>\n\t\t\t\t<\/div>\n\t\t\t\t<div class=\"elementor-element elementor-element-25ba2874 elementor-widget elementor-widget-spacer\" data-id=\"25ba2874\" data-element_type=\"widget\" data-widget_type=\"spacer.default\">\n\t\t\t\t<div class=\"elementor-widget-container\">\n\t\t\t\t\t<div class=\"elementor-spacer\">\n\t\t\t<div class=\"elementor-spacer-inner\"><\/div>\n\t\t<\/div>\n\t\t\t\t<\/div>\n\t\t\t\t<\/div>\n\t\t\t\t\t<\/div>\n\t\t<\/div>\n\t\t\t\t\t\t\t<\/div>\n\t\t<\/section>\n\t\t\t\t\t\t\t<\/div>\n\t\t","protected":false},"excerpt":{"rendered":"<p>Blog<\/p>\n","protected":false},"author":2,"featured_media":0,"parent":0,"menu_order":0,"comment_status":"closed","ping_status":"closed","template":"","meta":{"_coblocks_attr":"","_coblocks_dimensions":"","_coblocks_responsive_height":"","_coblocks_accordion_ie_support":"","site-sidebar-layout":"no-sidebar","site-content-layout":"page-builder","ast-global-header-display":"","ast-main-header-display":"","ast-hfb-above-header-display":"","ast-hfb-below-header-display":"","ast-hfb-mobile-header-display":"","site-post-title":"disabled","ast-breadcrumbs-content":"","ast-featured-img":"disabled","footer-sml-layout":"","theme-transparent-header-meta":"default","adv-header-id-meta":"","stick-header-meta":"","header-above-stick-meta":"","header-main-stick-meta":"","header-below-stick-meta":""},"yoast_head":"<!-- This site is optimized with the Yoast SEO plugin v20.6 - https:\/\/yoast.com\/wordpress\/plugins\/seo\/ -->\n<title>Blog - Apple - Diparco<\/title>\n<meta name=\"description\" content=\"Descubre lo mejor que Apple tiene para tu empresa, administra los dispositivos y sin perder tiempo importante de productividad.\" \/>\n<meta name=\"robots\" content=\"index, follow, max-snippet:-1, max-image-preview:large, max-video-preview:-1\" \/>\n<link rel=\"canonical\" href=\"https:\/\/www.diparco.com\/apple\/blog\/\" \/>\n<meta property=\"og:locale\" content=\"es_ES\" \/>\n<meta property=\"og:type\" content=\"article\" \/>\n<meta property=\"og:title\" content=\"Blog - Apple - Diparco\" \/>\n<meta property=\"og:description\" content=\"Descubre lo mejor que Apple tiene para tu empresa, administra los dispositivos y sin perder tiempo importante de productividad.\" \/>\n<meta property=\"og:url\" content=\"https:\/\/www.diparco.com\/apple\/blog\/\" \/>\n<meta property=\"og:site_name\" content=\"Apple - Diparco\" \/>\n<meta property=\"article:modified_time\" content=\"2022-10-26T18:43:15+00:00\" \/>\n<meta name=\"twitter:card\" content=\"summary_large_image\" \/>\n<meta name=\"twitter:label1\" content=\"Tiempo de lectura\" \/>\n\t<meta name=\"twitter:data1\" content=\"2 minutos\" \/>\n<script type=\"application\/ld+json\" class=\"yoast-schema-graph\">{\"@context\":\"https:\/\/schema.org\",\"@graph\":[{\"@type\":\"WebPage\",\"@id\":\"https:\/\/www.diparco.com\/apple\/blog\/\",\"url\":\"https:\/\/www.diparco.com\/apple\/blog\/\",\"name\":\"Blog - Apple - Diparco\",\"isPartOf\":{\"@id\":\"https:\/\/www.diparco.com\/apple\/#website\"},\"datePublished\":\"2022-10-21T21:15:14+00:00\",\"dateModified\":\"2022-10-26T18:43:15+00:00\",\"description\":\"Descubre lo mejor que Apple tiene para tu empresa, administra los dispositivos y sin perder tiempo importante de productividad.\",\"breadcrumb\":{\"@id\":\"https:\/\/www.diparco.com\/apple\/blog\/#breadcrumb\"},\"inLanguage\":\"es\",\"potentialAction\":[{\"@type\":\"ReadAction\",\"target\":[\"https:\/\/www.diparco.com\/apple\/blog\/\"]}]},{\"@type\":\"BreadcrumbList\",\"@id\":\"https:\/\/www.diparco.com\/apple\/blog\/#breadcrumb\",\"itemListElement\":[{\"@type\":\"ListItem\",\"position\":1,\"name\":\"Portada\",\"item\":\"https:\/\/www.diparco.com\/apple\/\"},{\"@type\":\"ListItem\",\"position\":2,\"name\":\"Blog\"}]},{\"@type\":\"WebSite\",\"@id\":\"https:\/\/www.diparco.com\/apple\/#website\",\"url\":\"https:\/\/www.diparco.com\/apple\/\",\"name\":\"Apple - Diparco\",\"description\":\"\",\"publisher\":{\"@id\":\"https:\/\/www.diparco.com\/apple\/#organization\"},\"potentialAction\":[{\"@type\":\"SearchAction\",\"target\":{\"@type\":\"EntryPoint\",\"urlTemplate\":\"https:\/\/www.diparco.com\/apple\/?s={search_term_string}\"},\"query-input\":\"required name=search_term_string\"}],\"inLanguage\":\"es\"},{\"@type\":\"Organization\",\"@id\":\"https:\/\/www.diparco.com\/apple\/#organization\",\"name\":\"DIPARCO | Apple\",\"url\":\"https:\/\/www.diparco.com\/apple\/\",\"logo\":{\"@type\":\"ImageObject\",\"inLanguage\":\"es\",\"@id\":\"https:\/\/www.diparco.com\/apple\/#\/schema\/logo\/image\/\",\"url\":\"https:\/\/www.diparco.com\/apple\/wp-content\/uploads\/2021\/09\/Logo-DIPARCO-Apple-Septiembre-05.png\",\"contentUrl\":\"https:\/\/www.diparco.com\/apple\/wp-content\/uploads\/2021\/09\/Logo-DIPARCO-Apple-Septiembre-05.png\",\"width\":251,\"height\":104,\"caption\":\"DIPARCO | Apple\"},\"image\":{\"@id\":\"https:\/\/www.diparco.com\/apple\/#\/schema\/logo\/image\/\"}}]}<\/script>\n<!-- \/ Yoast SEO plugin. -->","yoast_head_json":{"title":"Blog - Apple - Diparco","description":"Descubre lo mejor que Apple tiene para tu empresa, administra los dispositivos y sin perder tiempo importante de productividad.","robots":{"index":"index","follow":"follow","max-snippet":"max-snippet:-1","max-image-preview":"max-image-preview:large","max-video-preview":"max-video-preview:-1"},"canonical":"https:\/\/www.diparco.com\/apple\/blog\/","og_locale":"es_ES","og_type":"article","og_title":"Blog - Apple - Diparco","og_description":"Descubre lo mejor que Apple tiene para tu empresa, administra los dispositivos y sin perder tiempo importante de productividad.","og_url":"https:\/\/www.diparco.com\/apple\/blog\/","og_site_name":"Apple - Diparco","article_modified_time":"2022-10-26T18:43:15+00:00","twitter_card":"summary_large_image","twitter_misc":{"Tiempo de lectura":"2 minutos"},"schema":{"@context":"https:\/\/schema.org","@graph":[{"@type":"WebPage","@id":"https:\/\/www.diparco.com\/apple\/blog\/","url":"https:\/\/www.diparco.com\/apple\/blog\/","name":"Blog - Apple - Diparco","isPartOf":{"@id":"https:\/\/www.diparco.com\/apple\/#website"},"datePublished":"2022-10-21T21:15:14+00:00","dateModified":"2022-10-26T18:43:15+00:00","description":"Descubre lo mejor que Apple tiene para tu empresa, administra los dispositivos y sin perder tiempo importante de productividad.","breadcrumb":{"@id":"https:\/\/www.diparco.com\/apple\/blog\/#breadcrumb"},"inLanguage":"es","potentialAction":[{"@type":"ReadAction","target":["https:\/\/www.diparco.com\/apple\/blog\/"]}]},{"@type":"BreadcrumbList","@id":"https:\/\/www.diparco.com\/apple\/blog\/#breadcrumb","itemListElement":[{"@type":"ListItem","position":1,"name":"Portada","item":"https:\/\/www.diparco.com\/apple\/"},{"@type":"ListItem","position":2,"name":"Blog"}]},{"@type":"WebSite","@id":"https:\/\/www.diparco.com\/apple\/#website","url":"https:\/\/www.diparco.com\/apple\/","name":"Apple - Diparco","description":"","publisher":{"@id":"https:\/\/www.diparco.com\/apple\/#organization"},"potentialAction":[{"@type":"SearchAction","target":{"@type":"EntryPoint","urlTemplate":"https:\/\/www.diparco.com\/apple\/?s={search_term_string}"},"query-input":"required name=search_term_string"}],"inLanguage":"es"},{"@type":"Organization","@id":"https:\/\/www.diparco.com\/apple\/#organization","name":"DIPARCO | Apple","url":"https:\/\/www.diparco.com\/apple\/","logo":{"@type":"ImageObject","inLanguage":"es","@id":"https:\/\/www.diparco.com\/apple\/#\/schema\/logo\/image\/","url":"https:\/\/www.diparco.com\/apple\/wp-content\/uploads\/2021\/09\/Logo-DIPARCO-Apple-Septiembre-05.png","contentUrl":"https:\/\/www.diparco.com\/apple\/wp-content\/uploads\/2021\/09\/Logo-DIPARCO-Apple-Septiembre-05.png","width":251,"height":104,"caption":"DIPARCO | Apple"},"image":{"@id":"https:\/\/www.diparco.com\/apple\/#\/schema\/logo\/image\/"}}]}},"_links":{"self":[{"href":"https:\/\/www.diparco.com\/apple\/wp-json\/wp\/v2\/pages\/2205"}],"collection":[{"href":"https:\/\/www.diparco.com\/apple\/wp-json\/wp\/v2\/pages"}],"about":[{"href":"https:\/\/www.diparco.com\/apple\/wp-json\/wp\/v2\/types\/page"}],"author":[{"embeddable":true,"href":"https:\/\/www.diparco.com\/apple\/wp-json\/wp\/v2\/users\/2"}],"replies":[{"embeddable":true,"href":"https:\/\/www.diparco.com\/apple\/wp-json\/wp\/v2\/comments?post=2205"}],"version-history":[{"count":13,"href":"https:\/\/www.diparco.com\/apple\/wp-json\/wp\/v2\/pages\/2205\/revisions"}],"predecessor-version":[{"id":2708,"href":"https:\/\/www.diparco.com\/apple\/wp-json\/wp\/v2\/pages\/2205\/revisions\/2708"}],"wp:attachment":[{"href":"https:\/\/www.diparco.com\/apple\/wp-json\/wp\/v2\/media?parent=2205"}],"curies":[{"name":"wp","href":"https:\/\/api.w.org\/{rel}","templated":true}]}}